{"id":2539,"date":"2020-03-18T17:01:11","date_gmt":"2020-03-18T17:01:11","guid":{"rendered":"https:\/\/dukesafety.com\/contractors\/?page_id=2539"},"modified":"2022-09-06T17:53:22","modified_gmt":"2022-09-06T17:53:22","slug":"slide-shows-electric","status":"publish","type":"page","link":"https:\/\/safety.duke-energy.com\/contractors\/slide-shows-electric\/","title":{"rendered":"Slide shows Electric"},"content":{"rendered":"<div class=\"fusion-fullwidth fullwidth-box fusion-builder-row-1 nonhundred-percent-fullwidth non-hundred-percent-height-scrolling\" style=\"--awb-border-radius-top-left:0px;--awb-border-radius-top-right:0px;--awb-border-radius-bottom-right:0px;--awb-border-radius-bottom-left:0px;--awb-flex-wrap:wrap;\" ><div class=\"fusion-builder-row fusion-row\"><div class=\"fusion-layout-column fusion_builder_column fusion-builder-column-0 fusion_builder_column_1_2 1_2 fusion-one-half fusion-column-first\" style=\"--awb-bg-size:cover;width:50%;width:calc(50% - ( ( 4% ) * 0.5 ) );margin-right: 4%;\"><div class=\"fusion-column-wrapper fusion-flex-column-wrapper-legacy\"><div class=\"fusion-text fusion-text-1\" style=\"--awb-text-transform:none;\"><h1>Slide show and presenter\u2019s notes<\/h1>\n<p>Our interactive training tools give you everything you need to teach and learn about working safely near electric power lines.<\/p>\n<h2><strong>Slide show<\/strong><\/h2>\n<p>A 15-minute presentation of critical safety tips.<\/p>\n<ul>\n<li><a href=\"https:\/\/safety.duke-energy.com\/contractors\/wp-content\/uploads\/2022\/09\/13442_53020_Duke_C_SS_el_en_083122_v2.pdf\" target=\"_blank\" rel=\"noopener\" download=\"\">Click here to download<\/a><\/li>\n<li><a href=\"https:\/\/safety.duke-energy.com\/contractors\/wp-content\/uploads\/2022\/09\/13442_53020_Duke_C_SS_el_en_083122_v2.pdf\" target=\"_blank\" rel=\"noopener\">Click here to view<\/a><\/li>\n<\/ul>\n<h2><strong>Slide show presenter\u2019s notes<\/strong><\/h2>\n<p>Talking points to support use of the slide show in a safety training.<\/p>\n<ul>\n<li><a href=\"https:\/\/safety.duke-energy.com\/contractors\/wp-content\/uploads\/2022\/09\/13442_53020_Duke_C_PN_el_en_083122_v2.pdf\" target=\"_blank\" rel=\"noopener\" download=\"\">Click here to download<\/a><\/li>\n<li><a href=\"https:\/\/safety.duke-energy.com\/contractors\/wp-content\/uploads\/2022\/09\/13442_53020_Duke_C_PN_el_en_083122_v2.pdf\" target=\"_blank\" rel=\"noopener\">Click here to view<\/a><\/li>\n<\/ul>\n<div class=\"fusion-sep-clear\"><\/div><div class=\"fusion-separator fusion-full-width-sep\" style=\"margin-left: auto;margin-right: auto;margin-bottom:12px;width:100%;\"><\/div><div class=\"fusion-sep-clear\"><\/div>\n<\/div><div class=\"fusion-clearfix\"><\/div><\/div><\/div><div class=\"fusion-layout-column fusion_builder_column fusion-builder-column-1 fusion_builder_column_1_2 1_2 fusion-one-half fusion-column-last\" style=\"--awb-bg-size:cover;width:50%;width:calc(50% - ( ( 4% ) * 0.5 ) );\"><div class=\"fusion-column-wrapper fusion-flex-column-wrapper-legacy\"><div class=\"fusion-text fusion-text-2\" style=\"--awb-text-transform:none;\"><h1>Presentaciones de diapositivas y notas del instructor<\/h1>\n<p>Nuestras herramientas de capacitaci\u00f3n interactivas brindan todo lo que se necesita para ense\u00f1ar y aprender a trabajar de forma segura cerca de las l\u00edneas el\u00e9ctricas.<\/p>\n<h2><strong>Presentaci\u00f3n de diapositivas<\/strong><\/h2>\n<p>Una presentaci\u00f3n de 15 minutos con consejos importantes sobre seguridad.<\/p>\n<ul>\n<li><a href=\"https:\/\/safety.duke-energy.com\/contractors\/wp-content\/uploads\/2022\/09\/13442_53005_Duke_C_SS_el_sp_090622_v3.pdf\" target=\"_blank\" rel=\"noopener\" download=\"\">Haga clic aqu\u00ed para descargar<\/a><\/li>\n<li><a href=\"https:\/\/safety.duke-energy.com\/contractors\/wp-content\/uploads\/2022\/09\/13442_53005_Duke_C_SS_el_sp_090622_v3.pdf\" target=\"_blank\" rel=\"noopener\">Haga clic aqu\u00ed para ver<\/a><\/li>\n<\/ul>\n<h2><strong>Notas del instructor para la presentaci\u00f3n de diapositivas<\/strong><\/h2>\n<p>Temas de debate como apoyo para el uso de las diapositivas en la capacitaci\u00f3n sobre seguridad.<\/p>\n<ul>\n<li><a href=\"https:\/\/safety.duke-energy.com\/contractors\/wp-content\/uploads\/2022\/09\/13442_53005_Duke_C_PN_el_sp_090622_v3.pdf\" target=\"_blank\" rel=\"noopener\" download=\"\">Haga clic aqu\u00ed para descargar<\/a><\/li>\n<li><a href=\"https:\/\/safety.duke-energy.com\/contractors\/wp-content\/uploads\/2022\/09\/13442_53005_Duke_C_PN_el_sp_090622_v3.pdf\" target=\"_blank\" rel=\"noopener\">Haga clic aqu\u00ed para ver<\/a><\/li>\n<\/ul>\n<div class=\"fusion-sep-clear\"><\/div><div class=\"fusion-separator fusion-full-width-sep\" style=\"margin-left: auto;margin-right: auto;margin-bottom:12px;width:100%;\"><\/div><div class=\"fusion-sep-clear\"><\/div>\n<\/div><div class=\"fusion-clearfix\"><\/div><\/div><\/div><\/div><\/div>\n","protected":false},"excerpt":{"rendered":"","protected":false},"author":6,"featured_media":0,"parent":0,"menu_order":0,"comment_status":"closed","ping_status":"closed","template":"","meta":{"footnotes":""},"class_list":["post-2539","page","type-page","status-publish","hentry"],"jetpack_sharing_enabled":true,"_links":{"self":[{"href":"https:\/\/safety.duke-energy.com\/contractors\/wp-json\/wp\/v2\/pages\/2539","targetHints":{"allow":["GET"]}}],"collection":[{"href":"https:\/\/safety.duke-energy.com\/contractors\/wp-json\/wp\/v2\/pages"}],"about":[{"href":"https:\/\/safety.duke-energy.com\/contractors\/wp-json\/wp\/v2\/types\/page"}],"author":[{"embeddable":true,"href":"https:\/\/safety.duke-energy.com\/contractors\/wp-json\/wp\/v2\/users\/6"}],"replies":[{"embeddable":true,"href":"https:\/\/safety.duke-energy.com\/contractors\/wp-json\/wp\/v2\/comments?post=2539"}],"version-history":[{"count":16,"href":"https:\/\/safety.duke-energy.com\/contractors\/wp-json\/wp\/v2\/pages\/2539\/revisions"}],"predecessor-version":[{"id":3884,"href":"https:\/\/safety.duke-energy.com\/contractors\/wp-json\/wp\/v2\/pages\/2539\/revisions\/3884"}],"wp:attachment":[{"href":"https:\/\/safety.duke-energy.com\/contractors\/wp-json\/wp\/v2\/media?parent=2539"}],"curies":[{"name":"wp","href":"https:\/\/api.w.org\/{rel}","templated":true}]}}